{"id":69,"date":"2019-04-02T09:12:37","date_gmt":"2019-04-02T09:12:37","guid":{"rendered":"https:\/\/seriousplay.community\/es\/?page_id=69"},"modified":"2024-11-01T14:37:34","modified_gmt":"2024-11-01T19:37:34","slug":"facilitadores","status":"publish","type":"page","link":"https:\/\/seriousplay.community\/es\/facilitadores\/","title":{"rendered":"Facilitadores"},"content":{"rendered":"<p>[et_pb_section fb_built=&#8221;1&#8243; _builder_version=&#8221;4.16&#8243; _module_preset=&#8221;default&#8221; width=&#8221;100%&#8221; custom_padding=&#8221;0px||&#8221; locked=&#8221;off&#8221; global_colors_info=&#8221;{}&#8221;][et_pb_row _builder_version=&#8221;4.25.2&#8243; _module_preset=&#8221;default&#8221; background_color=&#8221;#ffef98&#8243; width=&#8221;100%&#8221; max_width=&#8221;2560px&#8221; module_alignment=&#8221;center&#8221; min_height=&#8221;111px&#8221; height_tablet=&#8221;&#8221; height_phone=&#8221;&#8221; height_last_edited=&#8221;on|phone&#8221; custom_padding=&#8221;45px|20px|30px|20px|false|true&#8221; locked=&#8221;off&#8221; global_colors_info=&#8221;{}&#8221;][et_pb_column type=&#8221;4_4&#8243; _builder_version=&#8221;4.16&#8243; _module_preset=&#8221;default&#8221; custom_padding=&#8221;|||&#8221; global_colors_info=&#8221;{}&#8221; custom_padding__hover=&#8221;|||&#8221;][et_pb_text admin_label=&#8221;Text&#8221; _builder_version=&#8221;4.27.0&#8243; _module_preset=&#8221;default&#8221; text_font=&#8221;||||||||&#8221; header_font=&#8221;Montserrat|900||on|||||&#8221; header_text_align=&#8221;left&#8221; header_text_color=&#8221;#000000&#8243; header_font_size=&#8221;26px&#8221; header_2_font=&#8221;||||||||&#8221; width=&#8221;80%&#8221; max_width=&#8221;960px&#8221; max_width_last_edited=&#8221;off|desktop&#8221; module_alignment=&#8221;center&#8221; custom_margin=&#8221;|||||&#8221; custom_padding=&#8221;|||||&#8221; global_colors_info=&#8221;{}&#8221;]<\/p>\n<h1 style=\"text-align: center;\">Facilitadores LEGO<b style=\"font-size: 30px; font-family: 'Calibri';\">\u00ae<\/b> SERIOUS PLAY<b style=\"font-size: 30px; font-family: 'Calibri';\">\u00ae<\/b><\/h1>\n<h2 style=\"text-align: center;\">Conozca a los facilitadores certificados en Espa\u00f1a<\/h2>\n<p>[\/et_pb_text][\/et_pb_column][\/et_pb_row][et_pb_row _builder_version=&#8221;4.27.0&#8243; _module_preset=&#8221;default&#8221; background_image=&#8221;http:\/\/seriousplay.community\/es\/wp-content\/uploads\/2024\/09\/Facilitadores-Spain-1920&#215;600-1.jpg&#8221; parallax=&#8221;on&#8221; width=&#8221;100%&#8221; max_width=&#8221;2560px&#8221; height=&#8221;320px&#8221; custom_padding=&#8221;||||false|false&#8221; locked=&#8221;off&#8221; global_colors_info=&#8221;{}&#8221;][et_pb_column type=&#8221;4_4&#8243; _builder_version=&#8221;4.16&#8243; _module_preset=&#8221;default&#8221; custom_padding=&#8221;|||&#8221; global_colors_info=&#8221;{}&#8221; custom_padding__hover=&#8221;|||&#8221;][\/et_pb_column][\/et_pb_row][et_pb_row column_structure=&#8221;3_5,2_5&#8243; _builder_version=&#8221;4.27.0&#8243; _module_preset=&#8221;default&#8221; custom_margin=&#8221;30px||10px||false|false&#8221; custom_padding=&#8221;0px||0px&#8221; global_colors_info=&#8221;{}&#8221;][et_pb_column type=&#8221;3_5&#8243; _builder_version=&#8221;4.16&#8243; _module_preset=&#8221;default&#8221; custom_padding=&#8221;|||&#8221; global_colors_info=&#8221;{}&#8221; custom_padding__hover=&#8221;|||&#8221;][et_pb_text admin_label=&#8221;Text&#8221; _builder_version=&#8221;4.27.0&#8243; _module_preset=&#8221;default&#8221; header_font=&#8221;Montserrat|900||on|||||&#8221; header_text_align=&#8221;center&#8221; header_text_color=&#8221;#000000&#8243; header_font_size=&#8221;40px&#8221; custom_margin=&#8221;10px||||false|false&#8221; locked=&#8221;off&#8221; global_colors_info=&#8221;{}&#8221;]<\/p>\n<p>Conoce qui\u00e9nes somos y d\u00f3nde estamos los Facilitadores Certificados en la metodolog\u00eda\u00a0 <strong>LEGO<b style=\"font-size: 20px; font-family: 'Calibri';\">\u00ae<\/b> SERIOUS PLAY<b style=\"font-size: 20px; font-family: 'Calibri';\">\u00ae<\/b><\/strong> por<span>\u00a0<\/span><a href=\"http:\/\/seriousplay.training\/\" target=\"_blank\" rel=\"noopener noreferrer\">Asociaci\u00f3n de Master Trainers<\/a>, que trabajan en Espa\u00f1a.<\/p>\n<p>Los Facilitadores Certificados en la metodolog\u00eda <strong>LEGO<b style=\"font-size: 20px; font-family: 'Calibri';\">\u00ae<\/b> SERIOUS PLAY<b style=\"font-size: 20px; font-family: 'Calibri';\">\u00ae<\/b><\/strong> son los \u00fanicos autorizados y acreditados para dise\u00f1ar, aplicar y realizar actividades, talleres y formaciones utilizando la metodolog\u00eda <strong>LEGO<b style=\"font-size: 20px; font-family: 'Calibri';\">\u00ae<\/b> SERIOUS PLAY<b style=\"font-size: 20px; font-family: 'Calibri';\">\u00ae<\/b><\/strong>.<\/p>\n<p>\u00a1Selecciona siempre un Facilitador Certificado!<\/p>\n<p>A continuaci\u00f3n puedes consultar la relaci\u00f3n de Facilitadores Certificados de Espa\u00f1a. Para otros pa\u00edses, accede a<span>:\u00a0<\/span><a href=\"http:\/\/www.lspdirectory.com\/\">www.lspdirectory.com<\/a><span>\u00a0<\/span><\/p>\n<p>&nbsp;<\/p>\n<p>[\/et_pb_text][\/et_pb_column][et_pb_column type=&#8221;2_5&#8243; _builder_version=&#8221;4.16&#8243; _module_preset=&#8221;default&#8221; custom_padding=&#8221;|||&#8221; global_colors_info=&#8221;{}&#8221; custom_padding__hover=&#8221;|||&#8221;][et_pb_image src=&#8221;http:\/\/seriousplay.community\/es\/wp-content\/uploads\/2024\/05\/LSP_CertifiedFacilitator_Logo_Black_OL_Final_101416_Web.png&#8221; align=&#8221;center&#8221; align_tablet=&#8221;center&#8221; align_phone=&#8221;&#8221; align_last_edited=&#8221;on|desktop&#8221; _builder_version=&#8221;4.25.2&#8243; _module_preset=&#8221;default&#8221; width=&#8221;62%&#8221; width_tablet=&#8221;60%&#8221; width_phone=&#8221;93%&#8221; width_last_edited=&#8221;on|phone&#8221; global_colors_info=&#8221;{}&#8221;][\/et_pb_image][et_pb_button button_url=&#8221;https:\/\/seriousplay.community\/es\/certificacion\/&#8221; button_text=&#8221;M\u00e1s Informaci\u00f3n&#8221; button_alignment=&#8221;center&#8221; _builder_version=&#8221;4.27.0&#8243; _module_preset=&#8221;default&#8221; custom_button=&#8221;on&#8221; button_text_color=&#8221;#ffffff&#8221; button_bg_color=&#8221;#e02b20&#8243; button_border_width=&#8221;0px&#8221; button_border_color=&#8221;rgba(0,0,0,0)&#8221; button_border_radius=&#8221;3px&#8221; button_font=&#8221;||||||||&#8221; background_layout=&#8221;dark&#8221; global_colors_info=&#8221;{}&#8221;][\/et_pb_button][\/et_pb_column][\/et_pb_row][et_pb_row admin_label=&#8221;List of Facilitators&#8221; _builder_version=&#8221;4.27.0&#8243; _module_preset=&#8221;default&#8221; custom_padding=&#8221;||||false|false&#8221; global_colors_info=&#8221;{}&#8221;][et_pb_column type=&#8221;4_4&#8243; admin_label=&#8221;List of Facilitators&#8221; _builder_version=&#8221;4.16&#8243; _module_preset=&#8221;default&#8221; global_colors_info=&#8221;{}&#8221;][et_pb_text admin_label=&#8221;Text&#8221; _builder_version=&#8221;4.27.0&#8243; _module_preset=&#8221;default&#8221; custom_margin=&#8221;10px||45px||false|false&#8221; global_colors_info=&#8221;{}&#8221;]<\/p>\n<h2 style=\"text-align: center;\">Aqu\u00ed puede encontrar los facilitadores de LSP<b style=\"font-size: 30px; font-family: 'Calibri';\">\u00ae<\/b> en Espa\u00f1a.<\/h2>\n<p>[\/et_pb_text][et_pb_code _builder_version=&#8221;4.27.0&#8243; _module_preset=&#8221;default&#8221; global_colors_info=&#8221;{}&#8221;]\n<script type=\"text\/template\" id=\"tmpl-um-member-grid-4f791\">\n\t<div class=\"um-members um-members-grid\">\n\t\t<div class=\"um-gutter-sizer\"><\/div>\n\n\t\t<# if ( data.length > 0 ) { #>\n\t\t\t<# _.each( data, function( user, key, list ) { #>\n\n\t\t\t\t<div id=\"um-member-{{{user.card_anchor}}}-4f791\" class=\"um-member um-role-{{{user.role}}} {{{user.account_status}}} \">\n\n\t\t\t\t\t<span class=\"um-member-status {{{user.account_status}}}\">\n\t\t\t\t\t\t{{{user.account_status_name}}}\n\t\t\t\t\t<\/span>\n\n\t\t\t\t\t\t\t\t\t\t\t<div class=\"um-member-photo radius-1\">\n\t\t\t\t\t\t\t<a href=\"{{{user.profile_url}}}\" title=\"<# if ( user.display_name ) { #>{{{user.display_name}}}<# } #>\">\n\t\t\t\t\t\t\t\t{{{user.avatar}}}\n\t\t\t\t\t\t\t\t\t\t\t\t\t\t\t<\/a>\n\t\t\t\t\t\t<\/div>\n\t\t\t\t\t\n\n\t\t\t\t\t<div class=\"um-member-card \">\n\t\t\t\t\t\t\t\t\t\t\t\t\t<# if ( user.display_name_html ) { #>\n\t\t\t\t\t\t\t\t<div class=\"um-member-name\">\n\t\t\t\t\t\t\t\t\t<a href=\"{{{user.profile_url}}}\" title=\"{{{user.display_name}}}\">\n\t\t\t\t\t\t\t\t\t\t{{{user.display_name_html}}}\n\t\t\t\t\t\t\t\t\t<\/a>\n\t\t\t\t\t\t\t\t<\/div>\n\t\t\t\t\t\t\t<# } #>\n\t\t\t\t\t\t\t\t\t\t\t\t{{{user.hook_just_after_name}}}\n\n\n\t\t\t\t\t\t<# if ( user.can_edit ) { #>\n\t\t\t\t\t\t\t<div class=\"um-members-edit-btn\">\n\t\t\t\t\t\t\t\t<a href=\"{{{user.edit_profile_url}}}\" class=\"um-edit-profile-btn um-button um-alt\">\n\t\t\t\t\t\t\t\t\tEdit profile\t\t\t\t\t\t\t\t<\/a>\n\t\t\t\t\t\t\t<\/div>\n\t\t\t\t\t\t<# } #>\n\n\n\t\t\t\t\t\t\t\t\t\t\t\t{{{user.hook_after_user_name}}}\n\n\n\t\t\t\t\t\t\n\t\t\t\t\t\t\t\t<# if ( typeof user['country'] !== 'undefined' ) { #>\n\t\t\t\t\t\t\t\t\t<div class=\"um-member-tagline um-member-tagline-country\"\n\t\t\t\t\t\t\t\t\t     data-key=\"country\">\n\t\t\t\t\t\t\t\t\t\t{{{user['country']}}}\n\t\t\t\t\t\t\t\t\t<\/div>\n\t\t\t\t\t\t\t\t<# } #>\n\n\t\t\t\t\t\t\t\n\t\t\t\t\t\t\t\t<# if ( typeof user['Province'] !== 'undefined' ) { #>\n\t\t\t\t\t\t\t\t\t<div class=\"um-member-tagline um-member-tagline-Province\"\n\t\t\t\t\t\t\t\t\t     data-key=\"Province\">\n\t\t\t\t\t\t\t\t\t\t{{{user['Province']}}}\n\t\t\t\t\t\t\t\t\t<\/div>\n\t\t\t\t\t\t\t\t<# } #>\n\n\t\t\t\t\t\t\t\n\t\t\t\t\t\t\t\t<# if ( typeof user['languages'] !== 'undefined' ) { #>\n\t\t\t\t\t\t\t\t\t<div class=\"um-member-tagline um-member-tagline-languages\"\n\t\t\t\t\t\t\t\t\t     data-key=\"languages\">\n\t\t\t\t\t\t\t\t\t\t{{{user['languages']}}}\n\t\t\t\t\t\t\t\t\t<\/div>\n\t\t\t\t\t\t\t\t<# } #>\n\n\t\t\t\t\t\t\t\n\t\t\t\t\t\t\t\t<# if ( typeof user['user_email'] !== 'undefined' ) { #>\n\t\t\t\t\t\t\t\t\t<div class=\"um-member-tagline um-member-tagline-user_email\"\n\t\t\t\t\t\t\t\t\t     data-key=\"user_email\">\n\t\t\t\t\t\t\t\t\t\t{{{user['user_email']}}}\n\t\t\t\t\t\t\t\t\t<\/div>\n\t\t\t\t\t\t\t\t<# } #>\n\n\t\t\t\t\t\t\t\n\t\t\t\t\t\t\t\t<# if ( typeof user['linkedin'] !== 'undefined' ) { #>\n\t\t\t\t\t\t\t\t\t<div class=\"um-member-tagline um-member-tagline-linkedin\"\n\t\t\t\t\t\t\t\t\t     data-key=\"linkedin\">\n\t\t\t\t\t\t\t\t\t\t{{{user['linkedin']}}}\n\t\t\t\t\t\t\t\t\t<\/div>\n\t\t\t\t\t\t\t\t<# } #>\n\n\t\t\t\t\t\t\t\n\t\t\t\t\t<\/div>\n\t\t\t\t<\/div>\n\n\t\t\t<# }); #>\n\t\t<# } else { #>\n\n\t\t\t<div class=\"um-members-none\">\n\t\t\t\t<p>Disculpa, no podemos encontrar un usuario que corresponda a tu criterio de b\u00fasqueda.<\/p>\n\t\t\t<\/div>\n\n\t\t<# } #>\n\n\t\t<div class=\"um-clear\"><\/div>\n\t<\/div>\n<\/script>\n\n\n<script type=\"text\/template\" id=\"tmpl-um-members-header\">\n\t<div class=\"um-members-intro\">\n\t\t<div class=\"um-members-total\">\n\t\t\t<# if ( data.pagination.total_users == 1 ) { #>\n\t\t\t\t{{{data.pagination.header_single}}}\n\t\t\t<# } else if ( data.pagination.total_users > 1 ) { #>\n\t\t\t\t{{{data.pagination.header}}}\n\t\t\t<# } #>\n\t\t<\/div>\n\t<\/div>\n\n\t<div class=\"um-clear\"><\/div>\n<\/script>\n\n\n<script type=\"text\/template\" id=\"tmpl-um-members-pagination\">\n\t<# if ( data.pagination.pages_to_show.length > 0 ) { #>\n\t\t<div class=\"um-members-pagidrop uimob340-show uimob500-show\">\n\t\t\tJump to page:\t\t\t<select class=\"um-s2 um-members-pagi-dropdown\" style=\"width: 100px;display:inline-block;\">\n\t\t\t\t<# _.each( data.pagination.pages_to_show, function( page, key, list ) { #>\n\t\t\t\t\t<option value=\"{{{page}}}\" <# if ( page == data.pagination.current_page ) { #>selected<# } #>>{{{page}}} of {{{data.pagination.total_pages}}}<\/option>\n\t\t\t\t<# }); #>\n\t\t\t<\/select>\n\t\t<\/div>\n\n\t\t<div class=\"um-members-pagi uimob340-hide uimob500-hide\">\n\t\t\t<span class=\"pagi pagi-arrow <# if ( data.pagination.current_page == 1 ) { #>disabled<# } #>\" data-page=\"first\" aria-label=\"First page\"><i class=\"um-faicon-angle-double-left\"><\/i><\/span>\n\t\t\t<span class=\"pagi pagi-arrow <# if ( data.pagination.current_page == 1 ) { #>disabled<# } #>\" data-page=\"prev\" aria-label=\"Previous page\"><i class=\"um-faicon-angle-left\"><\/i><\/span>\n\n\t\t\t<# _.each( data.pagination.pages_to_show, function( page, key, list ) { #>\n\t\t\t\t<span class=\"pagi <# if ( page == data.pagination.current_page ) { #>current<# } #>\" data-page=\"{{{page}}}\">{{{page}}}<\/span>\n\t\t\t<# }); #>\n\n\t\t\t<span class=\"pagi pagi-arrow <# if ( data.pagination.current_page == data.pagination.total_pages ) { #>disabled<# } #>\" data-page=\"next\" aria-label=\"Next page\"><i class=\"um-faicon-angle-right\"><\/i><\/span>\n\t\t\t<span class=\"pagi pagi-arrow <# if ( data.pagination.current_page == data.pagination.total_pages ) { #>disabled<# } #>\" data-page=\"last\" aria-label=\"Last page\"><i class=\"um-faicon-angle-double-right\"><\/i><\/span>\n\t\t<\/div>\n\t<# } #>\n<\/script>\n\n<div class=\"um um-directory um-4f791\"\n\t data-hash=\"4f791\" data-base-post=\"69\"\n\t data-must-search=\"0\" data-searched=\"1\"\n\t data-view_type=\"grid\" data-page=\"1\"\n\t data-sorting=\"first_name\">\n\t<div class=\"um-members-overlay\"><div class=\"um-ajax-loading\"><\/div><\/div>\n\n\t<div class=\"um-member-directory-header um-form\">\n\n\t\t\n\t\t\t\t\t<div class=\"um-member-directory-header-row\">\n\t\t\t\t<div class=\"um-member-directory-nav-line\">\n\t\t\t\t\t\t\t\t\t\t\t<div class=\"um-member-directory-sorting\">\n\t\t\t\t\t\t\t<span>Sort by:&nbsp;<\/span>\n\t\t\t\t\t\t\t<div class=\"um-member-directory-sorting-a\">\n\t\t\t\t\t\t\t\t<a href=\"javascript:void(0);\" class=\"um-member-directory-sorting-a-text\">First name<\/a>\n\t\t\t\t\t\t\t\t&nbsp;<i class=\"um-faicon-caret-down\"><\/i><i class=\"um-faicon-caret-up\"><\/i>\n\t\t\t\t\t\t\t<\/div>\n\t\t\t\t\t\t<\/div>\n\n\t\t\t\t\t\t\t\t\t\t\t\t\t\t\t\t\t\t\t\t\t\t\t\t\t\t\t\t\t\t\n\t\t\t<div class=\"um-new-dropdown\" data-element=\".um-member-directory-sorting-a\" data-trigger=\"click\" data-parent=\"\">\n\t\t\t\t<ul>\n\t\t\t\t\t\t\t\t\t\t\t<li><a href=\"javascript:void(0);\" data-directory-hash=\"4f791\" class=\"um-sortyng-by-first_name\" data-value=\"first_name\" data-selected=\"1\" data-default=\"1\">First name<\/a><\/li>\n\t\t\t\t\t\t\t\t\t\t\t<li><a href=\"javascript:void(0);\" data-directory-hash=\"4f791\" class=\"um-sortyng-by-country\" data-value=\"country\" data-selected=\"0\" data-default=\"0\">Pa\u00eds<\/a><\/li>\n\t\t\t\t\t\t\t\t\t\t\t<li><a href=\"javascript:void(0);\" data-directory-hash=\"4f791\" class=\"um-sortyng-by-Province\" data-value=\"Province\" data-selected=\"0\" data-default=\"0\">Provincia<\/a><\/li>\n\t\t\t\t\t\t\t\t\t\t\t<li><a href=\"javascript:void(0);\" data-directory-hash=\"4f791\" class=\"um-sortyng-by-languages\" data-value=\"languages\" data-selected=\"0\" data-default=\"0\">Idiomas<\/a><\/li>\n\t\t\t\t\t\t\t\t\t<\/ul>\n\t\t\t<\/div>\n\n\t\t\t\n\t\t\t\t\t\t\t\t\t<\/div>\n\t\t\t<\/div>\n\t\t\n\n\t\t\t\t\t\t<script type=\"text\/template\" id=\"tmpl-um-members-filtered-line\">\n\t\t\t\t\t<# if ( data.filters.length > 0 ) { #>\n\t\t\t\t\t\t<# _.each( data.filters, function( filter, key, list ) { #>\n\t\t\t\t\t\t\t<div class=\"um-members-filter-tag\">\n\t\t\t\t\t\t\t\t<# if ( filter.type == 'slider' ) { #>\n\t\t\t\t\t\t\t\t\t{{{filter.value_label}}}\n\t\t\t\t\t\t\t\t<# } else { #>\n\t\t\t\t\t\t\t\t\t<strong>{{{filter.label}}}<\/strong>: {{{filter.value_label}}}\n\t\t\t\t\t\t\t\t<# } #>\n\t\t\t\t\t\t\t\t<div class=\"um-members-filter-remove um-tip-n\" data-name=\"{{{filter.name}}}\"\n\t\t\t\t\t\t\t\t\t data-value=\"{{{filter.value}}}\" data-range=\"{{{filter.range}}}\"\n\t\t\t\t\t\t\t\t\t data-type=\"{{{filter.type}}}\" title=\"Remove filter\">&times;<\/div>\n\t\t\t\t\t\t\t<\/div>\n\t\t\t\t\t\t<# }); #>\n\t\t\t\t\t<# } #>\n\t\t\t\t<\/script>\n\n\t\t\t\t<div class=\"um-member-directory-header-row um-member-directory-filters-bar\">\n\t\t\t\t\t<div class=\"um-search um-search-4\">\n\t\t\t\t\t\t\n\t\t\t\t\t\t\t<div class=\"um-search-filter um-text-filter-type \">\n\t\t\t\t\t\t\t\t\t\t\t\t\t<input type=\"text\" autocomplete=\"off\" id=\"first_name\" name=\"first_name\"\n\t\t\t\t\t\tplaceholder=\"First Name\"\n\t\t\t\t\t\tvalue=\"\" class=\"um-form-field\"\n\t\t\t\t\t\taria-label=\"First Name\" \/>\n\t\t\t\t\t\t\t\t\t\t\t\t<\/div>\n\n\t\t\t\t\t\t\t\n\t\t\t\t\t\t\t<div class=\"um-search-filter um-text-filter-type um-search-filter-2\">\n\t\t\t\t\t\t\t\t\t\t\t\t\t<input type=\"text\" autocomplete=\"off\" id=\"Province\" name=\"Province\"\n\t\t\t\t\t\tplaceholder=\"Provincia\"\n\t\t\t\t\t\tvalue=\"\" class=\"um-form-field\"\n\t\t\t\t\t\taria-label=\"Provincia\" \/>\n\t\t\t\t\t\t\t\t\t\t\t\t<\/div>\n\n\t\t\t\t\t\t\t\n\t\t\t\t\t\t\t<div class=\"um-search-filter um-text-filter-type \">\n\t\t\t\t\t\t\t\t\t\t\t\t\t<input type=\"text\" autocomplete=\"off\" id=\"city\" name=\"city\"\n\t\t\t\t\t\tplaceholder=\"Ciudad\"\n\t\t\t\t\t\tvalue=\"\" class=\"um-form-field\"\n\t\t\t\t\t\taria-label=\"Ciudad\" \/>\n\t\t\t\t\t\t\t\t\t\t\t\t<\/div>\n\n\t\t\t\t\t\t\t\n\t\t\t\t\t\t\t<div class=\"um-search-filter um-select-filter-type um-search-filter-2\">\n\t\t\t\t\t\t\t\t\n\t\t\t\t\t<select class=\"um-s1\" id=\"languages\" name=\"languages\"\n\t\t\t\t\t\t\tdata-placeholder=\"Languages Spoken\"\n\t\t\t\t\t\t\taria-label=\"Languages Spoken\"\n\t\t\t\t\t\t\t\t\t\t\t\t\t>\n\n\t\t\t\t\t\t<option><\/option>\n\n\t\t\t\t\t\t\n\t\t\t\t\t\t\t\t<option value=\"Catalan\" data-value_label=\"Catalan\"\n\t\t\t\t\t\t\t\t\t>\n\t\t\t\t\t\t\t\t\tCatalan\t\t\t\t\t\t\t\t<\/option>\n\n\t\t\t\t\t\t\t\n\t\t\t\t\t\t\t\t<option value=\"German\" data-value_label=\"German\"\n\t\t\t\t\t\t\t\t\t>\n\t\t\t\t\t\t\t\t\tGerman\t\t\t\t\t\t\t\t<\/option>\n\n\t\t\t\t\t\t\t\n\t\t\t\t\t\t\t\t<option value=\"English\" data-value_label=\"English\"\n\t\t\t\t\t\t\t\t\t>\n\t\t\t\t\t\t\t\t\tEnglish\t\t\t\t\t\t\t\t<\/option>\n\n\t\t\t\t\t\t\t\n\t\t\t\t\t\t\t\t<option value=\"Spanish\" data-value_label=\"Spanish\"\n\t\t\t\t\t\t\t\t\t>\n\t\t\t\t\t\t\t\t\tSpanish\t\t\t\t\t\t\t\t<\/option>\n\n\t\t\t\t\t\t\t\n\t\t\t\t\t\t\t\t<option value=\"French\" data-value_label=\"French\"\n\t\t\t\t\t\t\t\t\t>\n\t\t\t\t\t\t\t\t\tFrench\t\t\t\t\t\t\t\t<\/option>\n\n\t\t\t\t\t\t\t\n\t\t\t\t\t\t\t\t<option value=\"Galician\" data-value_label=\"Galician\"\n\t\t\t\t\t\t\t\t\t>\n\t\t\t\t\t\t\t\t\tGalician\t\t\t\t\t\t\t\t<\/option>\n\n\t\t\t\t\t\t\t\n\t\t\t\t\t\t\t\t<option value=\"Hindi\" data-value_label=\"Hindi\"\n\t\t\t\t\t\t\t\t\t>\n\t\t\t\t\t\t\t\t\tHindi\t\t\t\t\t\t\t\t<\/option>\n\n\t\t\t\t\t\t\t\n\t\t\t\t\t\t\t\t<option value=\"Italian\" data-value_label=\"Italian\"\n\t\t\t\t\t\t\t\t\t>\n\t\t\t\t\t\t\t\t\tItalian\t\t\t\t\t\t\t\t<\/option>\n\n\t\t\t\t\t\t\t\n\t\t\t\t\t\t\t\t<option value=\"Marathi\" data-value_label=\"Marathi\"\n\t\t\t\t\t\t\t\t\t>\n\t\t\t\t\t\t\t\t\tMarathi\t\t\t\t\t\t\t\t<\/option>\n\n\t\t\t\t\t\t\t\n\t\t\t\t\t\t\t\t<option value=\"Portuguese\" data-value_label=\"Portuguese\"\n\t\t\t\t\t\t\t\t\t>\n\t\t\t\t\t\t\t\t\tPortuguese\t\t\t\t\t\t\t\t<\/option>\n\n\t\t\t\t\t\t\t\n\t\t\t\t\t<\/select>\n\n\t\t\t\t\t\t\t\t\t\t\t\t<\/div>\n\n\t\t\t\t\t\t\t\t\t\t\t\t<\/div>\n\t\t\t\t<\/div>\n\t\t\t\t<div class=\"um-member-directory-header-row\">\n\t\t\t\t\t<div class=\"um-filtered-line\">\n\t\t\t\t\t\t<div class=\"um-clear-filters\"><a href=\"javascript:void(0);\" class=\"um-clear-filters-a\" title=\"Remove all filters\">Clear all<\/a><\/div>\n\t\t\t\t\t<\/div>\n\t\t\t\t<\/div>\n\t\t\t\t\t<\/div>\n\n\t<div class=\"um-members-wrapper\"><\/div>\n\n\t<div class=\"um-members-pagination-box\"><\/div>\n\n\t\n<\/div>\n[\/et_pb_code][\/et_pb_column][\/et_pb_row][et_pb_row _builder_version=&#8221;4.16&#8243; _module_preset=&#8221;default&#8221; global_colors_info=&#8221;{}&#8221;][et_pb_column type=&#8221;4_4&#8243; _builder_version=&#8221;4.16&#8243; _module_preset=&#8221;default&#8221; custom_padding=&#8221;|||&#8221; global_colors_info=&#8221;{}&#8221; custom_padding__hover=&#8221;|||&#8221;][\/et_pb_column][\/et_pb_row][\/et_pb_section]<\/p>\n","protected":false},"excerpt":{"rendered":"<p>Facilitadores LEGO\u00ae SERIOUS PLAY\u00ae Conozca a los facilitadores certificados en Espa\u00f1aConoce qui\u00e9nes somos y d\u00f3nde estamos los Facilitadores Certificados en la metodolog\u00eda\u00a0 LEGO\u00ae SERIOUS PLAY\u00ae por\u00a0Asociaci\u00f3n de Master Trainers, que trabajan en Espa\u00f1a. Los Facilitadores Certificados en la metodolog\u00eda LEGO\u00ae SERIOUS PLAY\u00ae son los \u00fanicos autorizados y acreditados para dise\u00f1ar, aplicar y realizar actividades, talleres [&hellip;]<\/p>\n","protected":false},"author":36,"featured_media":0,"parent":0,"menu_order":0,"comment_status":"closed","ping_status":"closed","template":"","meta":{"_et_pb_use_builder":"on","_et_pb_old_content":"","_et_gb_content_width":"","footnotes":""},"class_list":["post-69","page","type-page","status-publish","hentry"],"_links":{"self":[{"href":"https:\/\/seriousplay.community\/es\/wp-json\/wp\/v2\/pages\/69","targetHints":{"allow":["GET"]}}],"collection":[{"href":"https:\/\/seriousplay.community\/es\/wp-json\/wp\/v2\/pages"}],"about":[{"href":"https:\/\/seriousplay.community\/es\/wp-json\/wp\/v2\/types\/page"}],"author":[{"embeddable":true,"href":"https:\/\/seriousplay.community\/es\/wp-json\/wp\/v2\/users\/36"}],"replies":[{"embeddable":true,"href":"https:\/\/seriousplay.community\/es\/wp-json\/wp\/v2\/comments?post=69"}],"version-history":[{"count":15,"href":"https:\/\/seriousplay.community\/es\/wp-json\/wp\/v2\/pages\/69\/revisions"}],"predecessor-version":[{"id":2287,"href":"https:\/\/seriousplay.community\/es\/wp-json\/wp\/v2\/pages\/69\/revisions\/2287"}],"wp:attachment":[{"href":"https:\/\/seriousplay.community\/es\/wp-json\/wp\/v2\/media?parent=69"}],"curies":[{"name":"wp","href":"https:\/\/api.w.org\/{rel}","templated":true}]}}